{"id":237,"date":"2026-02-19T14:30:13","date_gmt":"2026-02-19T14:30:13","guid":{"rendered":"https:\/\/alfa.drive-development.hu\/?page_id=237"},"modified":"2026-03-11T11:48:55","modified_gmt":"2026-03-11T11:48:55","slug":"sechenyi-plan-plus","status":"publish","type":"page","link":"https:\/\/alfa.drive-development.hu\/en\/szechenyi-terv-plusz\/","title":{"rendered":"Sz\u00e9chenyi Plan Plus"},"content":{"rendered":"<div data-elementor-type=\"wp-page\" data-elementor-id=\"237\" class=\"elementor elementor-237\" data-elementor-post-type=\"page\">\n\t\t\t\t<div class=\"elementor-element elementor-element-cf09b9b e-flex e-con-boxed e-con e-parent\" data-id=\"cf09b9b\" data-element_type=\"container\" data-e-type=\"container\">\n\t\t\t\t\t<div class=\"e-con-inner\">\n\t\t\t\t<div class=\"elementor-element elementor-element-a93e736 elementor-widget elementor-widget-heading\" data-id=\"a93e736\" data-element_type=\"widget\" data-e-type=\"widget\" data-widget_type=\"heading.default\">\n\t\t\t\t\t<h2 class=\"elementor-heading-title elementor-size-default\">Sz\u00e9chenyi Plan Plus support - 2026.<\/h2>\t\t\t\t<\/div>\n\t\t\t\t<div class=\"elementor-element elementor-element-39e3c51 elementor-widget elementor-widget-text-editor\" data-id=\"39e3c51\" data-element_type=\"widget\" data-e-type=\"widget\" data-widget_type=\"text-editor.default\">\n\t\t\t\t\t\t\t\t\t<table width=\"680\"><tbody><tr><td width=\"255\"><p>the name of the beneficiary<\/p><\/td><td width=\"425\"><p>Alfa Grade Design, Service and Maintenance Limited Liability Company<\/p><\/td><\/tr><tr><td width=\"255\"><p>the subject of the development<\/p><\/td><td width=\"425\"><p>Improving working conditions at Alfa Grade Design, Service and Maintenance Limited Liability Company<\/p><\/td><\/tr><tr><td width=\"255\"><p>the amount of aid contracted<\/p><\/td><td width=\"425\"><p>4 198 265 Ft<\/p><\/td><\/tr><tr><td width=\"255\"><p>a detailed description of the project content<\/p><\/td><td width=\"425\"><p>Alfa Grade Ltd. is improving the working conditions at its site in Duna\u00fajv\u00e1ros in order to protect the safety and health of its employees.<\/p><p>Material handling, lifting and increasing the level of protection of the workplace will be central to the development.<\/p><\/td><\/tr><tr><td width=\"255\"><p>the planned completion date of the project<\/p><\/td><td width=\"425\"><p>2026.05.24.<\/p><\/td><\/tr><\/tbody><\/table>\t\t\t\t\t\t\t\t<\/div>\n\t\t\t\t<div class=\"elementor-element elementor-element-5cc3586 elementor-widget elementor-widget-image\" data-id=\"5cc3586\" data-element_type=\"widget\" data-e-type=\"widget\" data-widget_type=\"image.default\">\n\t\t\t\t\t\t\t\t\t\t\t\t\t\t\t<img fetchpriority=\"high\" decoding=\"async\" width=\"1504\" height=\"450\" src=\"https:\/\/alfa.drive-development.hu\/wp-content\/uploads\/2026\/02\/MFF-kedvezmenyezetti-infoblokk-keretes-1.jpg\" class=\"attachment-full size-full wp-image-226\" alt=\"\" srcset=\"https:\/\/alfa.drive-development.hu\/wp-content\/uploads\/2026\/02\/MFF-kedvezmenyezetti-infoblokk-keretes-1.jpg 1504w, https:\/\/alfa.drive-development.hu\/wp-content\/uploads\/2026\/02\/MFF-kedvezmenyezetti-infoblokk-keretes-1-300x90.jpg 300w, https:\/\/alfa.drive-development.hu\/wp-content\/uploads\/2026\/02\/MFF-kedvezmenyezetti-infoblokk-keretes-1-1024x306.jpg 1024w, https:\/\/alfa.drive-development.hu\/wp-content\/uploads\/2026\/02\/MFF-kedvezmenyezetti-infoblokk-keretes-1-768x230.jpg 768w, https:\/\/alfa.drive-development.hu\/wp-content\/uploads\/2026\/02\/MFF-kedvezmenyezetti-infoblokk-keretes-1-18x5.jpg 18w\" sizes=\"(max-width: 1504px) 100vw, 1504px\" \/>\t\t\t\t\t\t\t\t\t\t\t\t\t\t\t<\/div>\n\t\t\t\t\t<\/div>\n\t\t\t\t<\/div>\n\t\t\t\t<\/div>","protected":false},"excerpt":{"rendered":"<p>Sz\u00e9chenyi Terv Plusz t\u00e1mogat\u00e1s &#8211; 2026. a kedvezm\u00e9nyezett neve Alfa Grade Tervez\u0151, Szolg\u00e1ltat\u00f3 \u00e9s Karbantart\u00f3 Korl\u00e1tolt Felel\u0151ss\u00e9g\u0171 T\u00e1rsas\u00e1g a fejleszt\u00e9s t\u00e1rgya Munkak\u00f6r\u00fclm\u00e9nyek fejleszt\u00e9se az Alfa Grade Tervez\u0151, Szolg\u00e1ltat\u00f3 \u00e9s Karbantart\u00f3 Korl\u00e1tolt Felel\u0151ss\u00e9g\u0171 T\u00e1rsas\u00e1gn\u00e1l a szerz\u0151d\u00f6tt t\u00e1mogat\u00e1s \u00f6sszege 4\u00a0198 265 Ft a projekt tartalm\u00e1nak r\u00e9szletes bemutat\u00e1sa Az Alfa Grade Kft. a p\u00e1ly\u00e1zat keret\u00e9ben a duna\u00fajv\u00e1rosi telephely\u00e9n [&hellip;]<\/p>\n","protected":false},"author":1,"featured_media":0,"parent":0,"menu_order":0,"comment_status":"closed","ping_status":"closed","template":"","meta":{"footnotes":""},"class_list":["post-237","page","type-page","status-publish","hentry"],"_links":{"self":[{"href":"https:\/\/alfa.drive-development.hu\/en\/wp-json\/wp\/v2\/pages\/237","targetHints":{"allow":["GET"]}}],"collection":[{"href":"https:\/\/alfa.drive-development.hu\/en\/wp-json\/wp\/v2\/pages"}],"about":[{"href":"https:\/\/alfa.drive-development.hu\/en\/wp-json\/wp\/v2\/types\/page"}],"author":[{"embeddable":true,"href":"https:\/\/alfa.drive-development.hu\/en\/wp-json\/wp\/v2\/users\/1"}],"replies":[{"embeddable":true,"href":"https:\/\/alfa.drive-development.hu\/en\/wp-json\/wp\/v2\/comments?post=237"}],"version-history":[{"count":1,"href":"https:\/\/alfa.drive-development.hu\/en\/wp-json\/wp\/v2\/pages\/237\/revisions"}],"predecessor-version":[{"id":529,"href":"https:\/\/alfa.drive-development.hu\/en\/wp-json\/wp\/v2\/pages\/237\/revisions\/529"}],"wp:attachment":[{"href":"https:\/\/alfa.drive-development.hu\/en\/wp-json\/wp\/v2\/media?parent=237"}],"curies":[{"name":"wp","href":"https:\/\/api.w.org\/{rel}","templated":true}]}}